{"id":3006,"date":"2022-03-19T15:19:19","date_gmt":"2022-03-19T14:19:19","guid":{"rendered":"https:\/\/progettotouring.it\/radiotouring104\/?page_id=3006"},"modified":"2022-03-19T15:30:10","modified_gmt":"2022-03-19T14:30:10","slug":"cookie-policy","status":"publish","type":"page","link":"https:\/\/progettotouring.it\/radiotouring104\/cookie-policy\/","title":{"rendered":"Cookie Policy"},"content":{"rendered":"<h2>COOKIE POLICY<\/h2>\n<p>La nostra Cookie Policy ha l\u2019intento di descrivere le tipologie di cookie utilizzati dalla nostra applicazione <strong>www.progettotouring.it\/radiotouring104<\/strong>\u00a0(di seguito \u201c<strong>Applicazione<\/strong>\u201d), le finalit\u00e0, la durata e le modalit\u00e0 con cui l\u2019Utente pu\u00f2 gestire i cookie presenti.<\/p>\n<p>Il titolare del trattamento dei dati personali \u00e8 <strong>Progetto Touring srl<\/strong> Via Marina Arenile, 241 \u2013 89135 Reggio Calabria <strong>supporto @ touring104.com<\/strong> (di seguito il \u201c<strong>Titolare<\/strong>\u201d).<\/p>\n<p><strong>1. COSA SONO I COOKIE<\/strong><\/p>\n<p>I cookie sono stringhe di testo di piccole dimensioni che vengono memorizzate sul dispositivo dell\u2019Utente quando naviga in rete. I cookie hanno lo scopo di raccogliere e memorizzare informazioni relative all\u2019Utente al fine di rendere l\u2019Applicazione pi\u00f9 semplice, pi\u00f9 veloce e pi\u00f9 aderente alle sue richieste.\u00a0Con il termine cookie si vuol far riferimento sia agli stessi cookie sia a tutte le tecnologie similari.\u00a0L\u2019Utente pu\u00f2 bloccare i cookie, eliminarli o disattivarli nelle impostazioni del dispositivo o del browser come di seguito indicato nel paragrafo relativo a \u201cGestione dei cookie\u201d.<\/p>\n<p><strong>2. TIPOLOGIE DI COOKIE USATI DA QUESTA APPLICAZIONE<\/strong><\/p>\n<p>Questa Applicazione usa i seguenti cookie:<\/p>\n<p>\u25cf\u00a0<strong>Cookie tecnici di prima parte<\/strong>: sono cookie che appartengono al Titolare dell\u2019Applicazione e che raccolgono dati dell\u2019Utente accessibili solo al Titolare. L\u2019Applicazione usa questi cookie per svolgere attivit\u00e0 strettamente necessarie al funzionamento dell\u2019Applicazione e all\u2019erogazione del servizio o per raccogliere informazioni, in forma aggregata e anonima, per finalit\u00e0 statistiche. Questi cookie non profilano l\u2019Utente. Per l\u2019uso di questi cookie non \u00e8 richiesto il consenso dell\u2019Utente.<\/p>\n<p>\u25cf\u00a0<strong>Cookie di terza parte<\/strong>: sono cookie che appartengono a fornitori esterni e sui quali il Titolare dell\u2019Applicazione non ha il controllo diretto. Questi cookie raccolgono dati dell\u2019Utente che sono accessibili al fornitore del cookie. A seconda della loro finalit\u00e0 questi cookie possono svolgere attivit\u00e0 strettamente necessarie al funzionamento dell\u2019Applicazione, raccogliere dati per creare un profilo personale dell\u2019Utente o essere impostati per altre finalit\u00e0 e modalit\u00e0 di trattamento. Per maggiori informazioni si consiglia di consultare con attenzione le privacy policy dei fornitori dei cookie sotto elencati:<\/p>\n<p align=\"JUSTIFY\">\u25a0 <strong>Facebook Ads monitoraggio conversioni (pixel di Facebook)<\/strong><\/p>\n<p>Il monitoraggio conversioni di Facebook Ads (pixel di Facebook) \u00e8 un servizio fornito da Facebook, Inc. che fornisce le statistiche e traccia le azioni dell\u2019Utente dopo che ha cliccato sugli annunci gestiti da Facebook.<\/p>\n<p>Per l\u2019uso di questi cookie \u00e8 richiesto il preventivo consenso dell\u2019Utente. Per maggiori informazioni, consultare la pagina:\u00a0 https:\/\/www.facebook.com\/about\/privacy\/<\/p>\n<p><strong>\u25a0\u00a0Facebook condivisione<\/strong><\/p>\n<p>Facebook utilizza cookie per offrire all\u2019Utente funzionalit\u00e0 di condivisione e di \u201clike\u201d sulla propria bacheca. Fornito da Facebook, Inc.<\/p>\n<p>Per l\u2019uso di questi cookie \u00e8 richiesto il preventivo consenso dell\u2019Utente. Per maggiori informazioni, consultare la pagina: https:\/\/www.facebook.com\/about\/privacy<\/p>\n<p><strong>\u25a0 Facebook Remarketing<\/strong><\/p>\n<p>Facebook Remarketing \u00e8 un servizio fornito da Facebook, Inc. che collega l\u2019attivit\u00e0 di questa Applicazione con il network di advertising di Facebook.<\/p>\n<p>Per l\u2019uso di questi cookie \u00e8 richiesto il preventivo consenso dell\u2019Utente.Per maggiori informazioni, consultare la pagina: https:\/\/www.facebook.com\/about\/privacy\/<\/p>\n<p><strong>\u25a0\u00a0Google Analytics con IP anonimizzato<\/strong><\/p>\n<p>Google Analytics \u00e8 un servizio di analisi statistica fornito da Google Inc. che usa i cookie per misurare le visite e l\u2019utilizzo dell\u2019Applicazione da parte degli Utenti. Google dichiara che i dati raccolti non consentono di effettuare profilazione dell\u2019Utente poich\u00e9 riceve l\u2019indirizzo IP degli Utenti anonimizzato e altri dati anonimi che non possono identificare l\u2019Utente. Per l\u2019uso di questi cookie non \u00e8 richiesto il preventivo consenso dell\u2019Utente.<\/p>\n<p>Per maggiori informazioni, consultare la pagina: https:\/\/policies.google.com\/privacy<\/p>\n<p><strong>\u25a0\u00a0Google Maps<\/strong><\/p>\n<p>Google Maps \u00e8 un servizio di geolocalizzazione e di cronologia degli spostamenti dell\u2019Utente fornito da Google Inc.<\/p>\n<p>Per l\u2019uso di questi cookie \u00e8 richiesto il preventivo consenso dell\u2019Utente. Per maggiori informazioni, consultare la pagina: https:\/\/policies.google.com\/privacy<\/p>\n<p><strong>\u25a0\u00a0YouTube visualizzazione contenuti<\/strong><\/p>\n<p>YouTube \u00e8 un servizio fornito da Google, Inc. che usa i cookie per permettere di visualizzare contenuti video all\u2019interno di questa Applicazione.<\/p>\n<p>Per l\u2019uso di questi cookie \u00e8 richiesto il preventivo consenso dell\u2019Utente. Per maggiori informazioni, consultare la pagina https:\/\/policies.google.com\/privacy<\/p>\n<p><strong>\u25a0\u00a0\u00a0Twitter condivisione<\/strong><\/p>\n<p>Twitter utilizza cookie per offrire all\u2019Utente funzionalit\u00e0 di condivisione sulla propria bacheca. Fornito da Twitter, Inc.<\/p>\n<p>Per l\u2019uso di questi cookie \u00e8 richiesto il preventivo consenso dell\u2019Utente. Per maggiori informazioni, consultare la pagina: https:\/\/twitter.com\/privacy<\/p>\n<p><strong>3. DURATA DEI COOKIE<\/strong><\/p>\n<p>I cookie hanno una durata dettata dalla data di scadenza o da un\u2019azione specifica, come la chiusura del browser impostata al momento dell\u2019installazione. I cookie possono essere:<\/p>\n<p>\u25cf\u00a0<strong>temporanei o di sessione<\/strong>: sono utilizzati per archiviare informazioni temporanee, consentono di collegare le azioni eseguite durante una sessione specifica e vengono rimossi dal dispositivo dell\u2019Utente alla chiusura del browser;<\/p>\n<p><strong>\u25cf persistenti<\/strong>: sono utilizzati per archiviare informazioni, ad esempio il nome e la password di accesso, in modo da evitare che l\u2019Utente debba digitarli nuovamente ogni volta che visita un sito specifico. Questi rimangono memorizzati nel dispositivo dell\u2019Utente anche dopo aver chiuso il browser.<\/p>\n<p>I cookie di profilazione sono memorizzati sul dispositivo dell\u2019Utente per un periodo non superiore a 12 mesi. Allo scadere di tale termine verr\u00e0 riproposto all\u2019Utente il banner tramite cui sar\u00e0 necessario manifestare nuovamente il consenso all\u2019utilizzo di questi cookie.<\/p>\n<p><strong>4. GESTIONE DEI COOKIE<\/strong><\/p>\n<p>L\u2019Utente pu\u00f2 gestire le preferenze relative ai cookie direttamente all\u2019interno del proprio browser ed impedire che terze parti possano installare i cookies. Tramite le preferenze del browser \u00e8 inoltre possibile eliminare i cookie installati in passato, incluso il cookie in cui \u00e8 stato eventualmente salvato il consenso. Disabilitando tutti i cookie, il funzionamento di questa Applicazione\u00a0potrebbe risultare compromesso.<\/p>\n<p>L\u2019Utente pu\u00f2 cancellare tutti i cookie presenti sul suo dispositivo semplicemente selezionando, sul proprio browser, le impostazioni che consentono di rifiutarli. Ogni browser ha specifiche istruzioni di configurazione che possono essere trovati sul sito internet del fornitore del browser ai seguenti link:<\/p>\n<p>\u25cf\u00a0Apple Safari: https:\/\/support.apple.com\/it-it\/guide\/safari\/manage-cookies-and-website-data-sfri11471\/<br \/>\n\u25cf\u00a0Google Chrome: https:\/\/support.google.com\/chrome\/answer\/95647<br \/>\n\u25cf\u00a0Mozilla Firefox: https:\/\/support.mozilla.org\/kb\/enable-and-disable-cookies-website-preferences<br \/>\n\u25cf\u00a0Internet Explorer: http:\/\/windows.microsoft.com\/internet-explorer\/delete-manage-cookies<br \/>\n\u25cf\u00a0Microsoft Edge https:\/\/support.microsoft.com\/it-it\/help\/4027947\/microsoft-edge-delete-cookies<br \/>\n\u25cf\u00a0Opera: https:\/\/www.opera.com\/help\/tutorials\/security\/privacy\/<\/p>\n<p>Inoltre si pu\u00f2 procedere alla cancellazione dei cookie di terze parti chiedendo l\u2019opt-out direttamente alle terze parti o tramite il sito http:\/\/www.youronlinechoices.com, dove \u00e8 possibile gestire le preferenze di tracciamento della maggior parte degli strumenti pubblicitari.<\/p>\n<p>Per modificare le impostazioni relative ai cookie Flash si pu\u00f2 cliccare sul seguente link https:\/\/www.macromedia.com\/support\/documentation\/en\/flashplayer\/help\/settings_manager07.html.<\/p>\n<p><strong>5. DIRITTI DELL\u2019UTENTE<\/strong><\/p>\n<p>Gli Utenti possono esercitare determinati diritti con riferimento ai dati personali trattati dal Titolare. In particolare, l\u2019Utente ha il diritto di:<\/p>\n<p>\u25cf revocare il consenso in ogni momento;<br \/>\n\u25cf opporsi al trattamento dei propri dati personali;<br \/>\n\u25cf accedere ai propri dati personali;<br \/>\n\u25cf verificare e chiedere la rettificazione;<br \/>\n\u25cf ottenere la limitazione del trattamento;<br \/>\n\u25cf ottenere la cancellazione o rimozione dei propri dati personali;<br \/>\n\u25cf ricevere i propri dati personali o farli trasferire ad altro titolare;<br \/>\n\u25cf proporre reclamo all\u2019autorit\u00e0 di controllo della protezione dei dati personali e\/o agire in sede giudiziale.<\/p>\n<p>Per esercitare tali diritti, scrivere al Titolare: <strong>supporto @ touring104.com<\/strong><\/p>\n<p>Le richieste sono effettuate a titolo gratuito ed evase dal Titolare nel pi\u00f9 breve tempo possibile, in ogni caso entro 30 giorni.<\/p>\n<p>Le ulteriori informazioni riguardo al trattamento dei dati personali si possono trovare nell\u2019informativa privacy al seguente link <a href=\"https:\/\/progettotouring.it\/radiotouring104\/privacy-policy\/\" target=\"_blank\" rel=\"noopener\">https:\/\/progettotouring.it\/radiotouring104\/privacy-policy\/<\/a><\/p>\n","protected":false},"excerpt":{"rendered":"<p>COOKIE POLICY La nostra Cookie Policy ha l\u2019intento di descrivere le tipologie di cookie utilizzati dalla nostra applicazione www.progettotouring.it\/radiotouring104\u00a0(di seguito \u201cApplicazione\u201d), le finalit\u00e0, la durata e le modalit\u00e0 con cui&hellip;<\/p>\n","protected":false},"author":1,"featured_media":0,"parent":0,"menu_order":0,"comment_status":"closed","ping_status":"closed","template":"","meta":{"footnotes":""},"class_list":["post-3006","page","type-page","status-publish","hentry"],"yoast_head":"<!-- This site is optimized with the Yoast SEO plugin v27.2 - https:\/\/yoast.com\/product\/yoast-seo-wordpress\/ -->\n<title>Cookie Policy - Radio Touring 104<\/title>\n<meta name=\"robots\" content=\"index, follow, max-snippet:-1, max-image-preview:large, max-video-preview:-1\" \/>\n<link rel=\"canonical\" href=\"https:\/\/progettotouring.it\/radiotouring104\/cookie-policy\/\" \/>\n<meta property=\"og:locale\" content=\"it_IT\" \/>\n<meta property=\"og:type\" content=\"article\" \/>\n<meta property=\"og:title\" content=\"Cookie Policy - Radio Touring 104\" \/>\n<meta property=\"og:description\" content=\"COOKIE POLICY La nostra Cookie Policy ha l\u2019intento di descrivere le tipologie di cookie utilizzati dalla nostra applicazione www.progettotouring.it\/radiotouring104\u00a0(di seguito \u201cApplicazione\u201d), le finalit\u00e0, la durata e le modalit\u00e0 con cui&hellip;\" \/>\n<meta property=\"og:url\" content=\"https:\/\/progettotouring.it\/radiotouring104\/cookie-policy\/\" \/>\n<meta property=\"og:site_name\" content=\"Radio Touring 104\" \/>\n<meta property=\"article:modified_time\" content=\"2022-03-19T14:30:10+00:00\" \/>\n<meta name=\"twitter:card\" content=\"summary_large_image\" \/>\n<meta name=\"twitter:label1\" content=\"Tempo di lettura stimato\" \/>\n\t<meta name=\"twitter:data1\" content=\"7 minuti\" \/>\n<script type=\"application\/ld+json\" class=\"yoast-schema-graph\">{\"@context\":\"https:\/\/schema.org\",\"@graph\":[{\"@type\":\"WebPage\",\"@id\":\"https:\/\/progettotouring.it\/radiotouring104\/cookie-policy\/\",\"url\":\"https:\/\/progettotouring.it\/radiotouring104\/cookie-policy\/\",\"name\":\"Cookie Policy - Radio Touring 104\",\"isPartOf\":{\"@id\":\"https:\/\/progettotouring.it\/radiotouring104\/#website\"},\"datePublished\":\"2022-03-19T14:19:19+00:00\",\"dateModified\":\"2022-03-19T14:30:10+00:00\",\"breadcrumb\":{\"@id\":\"https:\/\/progettotouring.it\/radiotouring104\/cookie-policy\/#breadcrumb\"},\"inLanguage\":\"it-IT\",\"potentialAction\":[{\"@type\":\"ReadAction\",\"target\":[\"https:\/\/progettotouring.it\/radiotouring104\/cookie-policy\/\"]}]},{\"@type\":\"BreadcrumbList\",\"@id\":\"https:\/\/progettotouring.it\/radiotouring104\/cookie-policy\/#breadcrumb\",\"itemListElement\":[{\"@type\":\"ListItem\",\"position\":1,\"name\":\"Home\",\"item\":\"https:\/\/progettotouring.it\/radiotouring104\/\"},{\"@type\":\"ListItem\",\"position\":2,\"name\":\"Cookie Policy\"}]},{\"@type\":\"WebSite\",\"@id\":\"https:\/\/progettotouring.it\/radiotouring104\/#website\",\"url\":\"https:\/\/progettotouring.it\/radiotouring104\/\",\"name\":\"Radio Touring 104\",\"description\":\"La prima radio Reggina\",\"publisher\":{\"@id\":\"https:\/\/progettotouring.it\/radiotouring104\/#organization\"},\"potentialAction\":[{\"@type\":\"SearchAction\",\"target\":{\"@type\":\"EntryPoint\",\"urlTemplate\":\"https:\/\/progettotouring.it\/radiotouring104\/?s={search_term_string}\"},\"query-input\":{\"@type\":\"PropertyValueSpecification\",\"valueRequired\":true,\"valueName\":\"search_term_string\"}}],\"inLanguage\":\"it-IT\"},{\"@type\":\"Organization\",\"@id\":\"https:\/\/progettotouring.it\/radiotouring104\/#organization\",\"name\":\"Radio Touring 104\",\"url\":\"https:\/\/progettotouring.it\/radiotouring104\/\",\"logo\":{\"@type\":\"ImageObject\",\"inLanguage\":\"it-IT\",\"@id\":\"https:\/\/progettotouring.it\/radiotouring104\/#\/schema\/logo\/image\/\",\"url\":\"https:\/\/progettotouring.it\/radiotouring104\/wp-content\/uploads\/sites\/6\/2022\/02\/cropped-logo-radio-touring-104.png\",\"contentUrl\":\"https:\/\/progettotouring.it\/radiotouring104\/wp-content\/uploads\/sites\/6\/2022\/02\/cropped-logo-radio-touring-104.png\",\"width\":377,\"height\":182,\"caption\":\"Radio Touring 104\"},\"image\":{\"@id\":\"https:\/\/progettotouring.it\/radiotouring104\/#\/schema\/logo\/image\/\"}}]}<\/script>\n<!-- \/ Yoast SEO plugin. -->","yoast_head_json":{"title":"Cookie Policy - Radio Touring 104","robots":{"index":"index","follow":"follow","max-snippet":"max-snippet:-1","max-image-preview":"max-image-preview:large","max-video-preview":"max-video-preview:-1"},"canonical":"https:\/\/progettotouring.it\/radiotouring104\/cookie-policy\/","og_locale":"it_IT","og_type":"article","og_title":"Cookie Policy - Radio Touring 104","og_description":"COOKIE POLICY La nostra Cookie Policy ha l\u2019intento di descrivere le tipologie di cookie utilizzati dalla nostra applicazione www.progettotouring.it\/radiotouring104\u00a0(di seguito \u201cApplicazione\u201d), le finalit\u00e0, la durata e le modalit\u00e0 con cui&hellip;","og_url":"https:\/\/progettotouring.it\/radiotouring104\/cookie-policy\/","og_site_name":"Radio Touring 104","article_modified_time":"2022-03-19T14:30:10+00:00","twitter_card":"summary_large_image","twitter_misc":{"Tempo di lettura stimato":"7 minuti"},"schema":{"@context":"https:\/\/schema.org","@graph":[{"@type":"WebPage","@id":"https:\/\/progettotouring.it\/radiotouring104\/cookie-policy\/","url":"https:\/\/progettotouring.it\/radiotouring104\/cookie-policy\/","name":"Cookie Policy - Radio Touring 104","isPartOf":{"@id":"https:\/\/progettotouring.it\/radiotouring104\/#website"},"datePublished":"2022-03-19T14:19:19+00:00","dateModified":"2022-03-19T14:30:10+00:00","breadcrumb":{"@id":"https:\/\/progettotouring.it\/radiotouring104\/cookie-policy\/#breadcrumb"},"inLanguage":"it-IT","potentialAction":[{"@type":"ReadAction","target":["https:\/\/progettotouring.it\/radiotouring104\/cookie-policy\/"]}]},{"@type":"BreadcrumbList","@id":"https:\/\/progettotouring.it\/radiotouring104\/cookie-policy\/#breadcrumb","itemListElement":[{"@type":"ListItem","position":1,"name":"Home","item":"https:\/\/progettotouring.it\/radiotouring104\/"},{"@type":"ListItem","position":2,"name":"Cookie Policy"}]},{"@type":"WebSite","@id":"https:\/\/progettotouring.it\/radiotouring104\/#website","url":"https:\/\/progettotouring.it\/radiotouring104\/","name":"Radio Touring 104","description":"La prima radio Reggina","publisher":{"@id":"https:\/\/progettotouring.it\/radiotouring104\/#organization"},"potentialAction":[{"@type":"SearchAction","target":{"@type":"EntryPoint","urlTemplate":"https:\/\/progettotouring.it\/radiotouring104\/?s={search_term_string}"},"query-input":{"@type":"PropertyValueSpecification","valueRequired":true,"valueName":"search_term_string"}}],"inLanguage":"it-IT"},{"@type":"Organization","@id":"https:\/\/progettotouring.it\/radiotouring104\/#organization","name":"Radio Touring 104","url":"https:\/\/progettotouring.it\/radiotouring104\/","logo":{"@type":"ImageObject","inLanguage":"it-IT","@id":"https:\/\/progettotouring.it\/radiotouring104\/#\/schema\/logo\/image\/","url":"https:\/\/progettotouring.it\/radiotouring104\/wp-content\/uploads\/sites\/6\/2022\/02\/cropped-logo-radio-touring-104.png","contentUrl":"https:\/\/progettotouring.it\/radiotouring104\/wp-content\/uploads\/sites\/6\/2022\/02\/cropped-logo-radio-touring-104.png","width":377,"height":182,"caption":"Radio Touring 104"},"image":{"@id":"https:\/\/progettotouring.it\/radiotouring104\/#\/schema\/logo\/image\/"}}]}},"jetpack_sharing_enabled":true,"_links":{"self":[{"href":"https:\/\/progettotouring.it\/radiotouring104\/wp-json\/wp\/v2\/pages\/3006","targetHints":{"allow":["GET"]}}],"collection":[{"href":"https:\/\/progettotouring.it\/radiotouring104\/wp-json\/wp\/v2\/pages"}],"about":[{"href":"https:\/\/progettotouring.it\/radiotouring104\/wp-json\/wp\/v2\/types\/page"}],"author":[{"embeddable":true,"href":"https:\/\/progettotouring.it\/radiotouring104\/wp-json\/wp\/v2\/users\/1"}],"replies":[{"embeddable":true,"href":"https:\/\/progettotouring.it\/radiotouring104\/wp-json\/wp\/v2\/comments?post=3006"}],"version-history":[{"count":5,"href":"https:\/\/progettotouring.it\/radiotouring104\/wp-json\/wp\/v2\/pages\/3006\/revisions"}],"predecessor-version":[{"id":3016,"href":"https:\/\/progettotouring.it\/radiotouring104\/wp-json\/wp\/v2\/pages\/3006\/revisions\/3016"}],"wp:attachment":[{"href":"https:\/\/progettotouring.it\/radiotouring104\/wp-json\/wp\/v2\/media?parent=3006"}],"curies":[{"name":"wp","href":"https:\/\/api.w.org\/{rel}","templated":true}]}}